{"id":166,"date":"2021-03-17T09:03:22","date_gmt":"2021-03-17T09:03:22","guid":{"rendered":"https:\/\/rason.se\/?page_id=166"},"modified":"2021-03-25T12:51:56","modified_gmt":"2021-03-25T12:51:56","slug":"om-foretaget","status":"publish","type":"page","link":"https:\/\/rason.se\/en\/om-foretaget\/","title":{"rendered":"About us"},"content":{"rendered":"<div data-elementor-type=\"wp-page\" data-elementor-id=\"166\" class=\"elementor elementor-166\" data-elementor-post-type=\"page\">\n\t\t\t\t\t\t<section class=\"elementor-section elementor-top-section elementor-element elementor-element-c998b06 elementor-section-boxed elementor-section-height-default elementor-section-height-default\" data-id=\"c998b06\" data-element_type=\"section\">\n\t\t\t\t\t\t<div class=\"elementor-container elementor-column-gap-default\">\n\t\t\t\t\t<div class=\"elementor-column elementor-col-66 elementor-top-column elementor-element elementor-element-4a24873\" data-id=\"4a24873\" data-element_type=\"column\">\n\t\t\t<div class=\"elementor-widget-wrap elementor-element-populated\">\n\t\t\t\t\t\t<div class=\"elementor-element elementor-element-0381a96 elementor-widget elementor-widget-heading\" data-id=\"0381a96\" data-element_type=\"widget\" data-widget_type=\"heading.default\">\n\t\t\t\t<div class=\"elementor-widget-container\">\n\t\t\t<h2 class=\"elementor-heading-title elementor-size-default\">Varmt v\u00e4lkomna till Rason AB<\/h2>\t\t<\/div>\n\t\t\t\t<\/div>\n\t\t\t\t<div class=\"elementor-element elementor-element-6045573 elementor-widget elementor-widget-text-editor\" data-id=\"6045573\" data-element_type=\"widget\" data-widget_type=\"text-editor.default\">\n\t\t\t\t<div class=\"elementor-widget-container\">\n\t\t\t\t\t\t\t<p><span class=\"style71\">RASON AB importerar ventiler och annan fl\u00f6desarmatur f\u00f6r i f\u00f6rsta hand processindustrin.<br \/>V\u00e5r erfarenhet \u00e4r l\u00e5ng och gedigen i och med v\u00e5r bakgrund i det ursprungliga f\u00f6retaget Ingenj\u00f6rsfirma<br \/>RASON AB, som startades redan 1968. Till v\u00e5r hj\u00e4lp har vi ett hundratal leverant\u00f6rer som st\u00e5r till<br \/>v\u00e5rt f\u00f6rfogande, alla med sitt specialomr\u00e5de inom fl\u00f6de, tryck, temperatur och niv\u00e5.<\/span><span class=\"style71\"><br \/><br \/>F\u00f6r standardprodukter som t.ex. vridspj\u00e4llsventiler, syrafasta kulventiler, vriddon med tillbeh\u00f6r,<br \/>niv\u00e5vippor mm. \u00e4r RASON&#8217;s policy att lagerh\u00e5lla s\u00e5 mycket som m\u00f6jligt f\u00f6r att s\u00e4kerst\u00e4lla snabba leveranser.<br \/>N\u00e4r det g\u00e4ller kundanpassade produkter som r\u00f6kgasspj\u00e4ll, fl\u00f6desm\u00e4tare, synglas<br \/>tryck och vacuumvakter etc. \u00e4r leveranstiderna runt c:a fyra veckor eller tidigare.<br \/>Andra komponenter bl.a. fl\u00f6desvakter, backventiler, fl\u00e4nsade kulventiler mm. finns f\u00f6rberett f\u00f6r snabb leverans hos v\u00e5ra leverant\u00f6rer runt om i v\u00e4rlden.<br \/><br \/>RASON AB arbetar med l\u00e5ga bruttopriser, inte med h\u00f6ga rabatter.<br \/>Detta ger \u00e4ven sm\u00e5f\u00f6rbrukare m\u00f6jlighet att k\u00f6pa till vettiga priser.<br \/>Vi \u00e4r inte st\u00f6rst i denna bransch &#8211; l\u00e5ngt d\u00e4rifr\u00e5n.<br \/>D\u00e4remot blir servicen personligare eftersom Du tr\u00e4ffar samma personer oavsett om<br \/>Du vill diskutera en offert eller support i samband med en ig\u00e5ngk\u00f6rning.<br \/><br \/>Certifikat och dokumentation \u00e4r tidens melodi och vi arbetar nu h\u00e5rt p\u00e5 att ta<br \/>fram alla erforderliga intyg etc. fr\u00e5n v\u00e5ra underleverant\u00f6rer f\u00f6r att kunna bifoga dessa vid behov.<br \/><br \/>Har Du en f\u00f6rfr\u00e5gan, liten som stor, \u00e4r Du v\u00e4lkommen att h\u00f6ra av Dig till oss<br \/>s\u00e5 ska vi g\u00f6ra v\u00e5rt b\u00e4sta f\u00f6r att ta fram r\u00e4tt produkt till r\u00e4tt pris \u00e5t Dig.<\/span><\/p>\t\t\t\t\t\t<\/div>\n\t\t\t\t<\/div>\n\t\t\t\t\t<\/div>\n\t\t<\/div>\n\t\t\t\t<div class=\"elementor-column elementor-col-33 elementor-top-column elementor-element elementor-element-ffe51ef\" data-id=\"ffe51ef\" data-element_type=\"column\">\n\t\t\t<div class=\"elementor-widget-wrap elementor-element-populated\">\n\t\t\t\t\t\t<div class=\"elementor-element elementor-element-6731ba0 elementor-widget elementor-widget-image\" data-id=\"6731ba0\" data-element_type=\"widget\" data-widget_type=\"image.default\">\n\t\t\t\t<div class=\"elementor-widget-container\">\n\t\t\t\t\t\t\t\t\t\t\t\t\t<img fetchpriority=\"high\" decoding=\"async\" width=\"372\" height=\"279\" src=\"https:\/\/rason.se\/wp-content\/uploads\/2021\/03\/rason.jpg\" class=\"attachment-large size-large wp-image-23\" alt=\"\" srcset=\"https:\/\/rason.se\/wp-content\/uploads\/2021\/03\/rason.jpg 372w, https:\/\/rason.se\/wp-content\/uploads\/2021\/03\/rason-300x225.jpg 300w\" sizes=\"(max-width: 372px) 100vw, 372px\" \/>\t\t\t\t\t\t\t\t\t\t\t\t\t<\/div>\n\t\t\t\t<\/div>\n\t\t\t\t<div class=\"elementor-element elementor-element-18cd591 elementor-widget elementor-widget-google_maps\" data-id=\"18cd591\" data-element_type=\"widget\" data-widget_type=\"google_maps.default\">\n\t\t\t\t<div class=\"elementor-widget-container\">\n\t\t\t\t\t<div class=\"elementor-custom-embed\">\n\t\t\t<iframe loading=\"lazy\"\n\t\t\t\t\tsrc=\"https:\/\/maps.google.com\/maps?q=Skomaskinsgatan%206%2C%20702%2027%20%C3%96rebro&#038;t=m&#038;z=12&#038;output=embed&#038;iwloc=near\"\n\t\t\t\t\ttitle=\"Skomaskinsgatan 6, 702 27 \u00d6rebro\"\n\t\t\t\t\taria-label=\"Skomaskinsgatan 6, 702 27 \u00d6rebro\"\n\t\t\t><\/iframe>\n\t\t<\/div>\n\t\t\t\t<\/div>\n\t\t\t\t<\/div>\n\t\t\t\t\t<\/div>\n\t\t<\/div>\n\t\t\t\t\t<\/div>\n\t\t<\/section>\n\t\t\t\t<\/div>","protected":false},"excerpt":{"rendered":"<p>Varmt v\u00e4lkomna till Rason AB RASON AB importerar ventiler och annan fl\u00f6desarmatur f\u00f6r i f\u00f6rsta hand processindustrin.V\u00e5r erfarenhet \u00e4r l\u00e5ng och gedigen i och med v\u00e5r bakgrund i det ursprungliga f\u00f6retaget Ingenj\u00f6rsfirmaRASON AB, som startades redan 1968. Till v\u00e5r hj\u00e4lp har vi ett hundratal leverant\u00f6rer som st\u00e5r tillv\u00e5rt f\u00f6rfogande, alla med sitt specialomr\u00e5de inom fl\u00f6de, [&hellip;]<\/p>","protected":false},"author":1,"featured_media":0,"parent":0,"menu_order":0,"comment_status":"closed","ping_status":"closed","template":"","meta":{"ocean_post_layout":"","ocean_both_sidebars_style":"","ocean_both_sidebars_content_width":0,"ocean_both_sidebars_sidebars_width":0,"ocean_sidebar":"0","ocean_second_sidebar":"0","ocean_disable_margins":"enable","ocean_add_body_class":"","ocean_shortcode_before_top_bar":"","ocean_shortcode_after_top_bar":"","ocean_shortcode_before_header":"","ocean_shortcode_after_header":"","ocean_has_shortcode":"","ocean_shortcode_after_title":"","ocean_shortcode_before_footer_widgets":"","ocean_shortcode_after_footer_widgets":"","ocean_shortcode_before_footer_bottom":"","ocean_shortcode_after_footer_bottom":"","ocean_display_top_bar":"default","ocean_display_header":"default","ocean_header_style":"","ocean_center_header_left_menu":"0","ocean_custom_header_template":"0","ocean_custom_logo":0,"ocean_custom_retina_logo":0,"ocean_custom_logo_max_width":0,"ocean_custom_logo_tablet_max_width":0,"ocean_custom_logo_mobile_max_width":0,"ocean_custom_logo_max_height":0,"ocean_custom_logo_tablet_max_height":0,"ocean_custom_logo_mobile_max_height":0,"ocean_header_custom_menu":"0","ocean_menu_typo_font_family":"0","ocean_menu_typo_font_subset":"","ocean_menu_typo_font_size":0,"ocean_menu_typo_font_size_tablet":0,"ocean_menu_typo_font_size_mobile":0,"ocean_menu_typo_font_size_unit":"px","ocean_menu_typo_font_weight":"","ocean_menu_typo_font_weight_tablet":"","ocean_menu_typo_font_weight_mobile":"","ocean_menu_typo_transform":"","ocean_menu_typo_transform_tablet":"","ocean_menu_typo_transform_mobile":"","ocean_menu_typo_line_height":0,"ocean_menu_typo_line_height_tablet":0,"ocean_menu_typo_line_height_mobile":0,"ocean_menu_typo_line_height_unit":"","ocean_menu_typo_spacing":0,"ocean_menu_typo_spacing_tablet":0,"ocean_menu_typo_spacing_mobile":0,"ocean_menu_typo_spacing_unit":"","ocean_menu_link_color":"","ocean_menu_link_color_hover":"","ocean_menu_link_color_active":"","ocean_menu_link_background":"","ocean_menu_link_hover_background":"","ocean_menu_link_active_background":"","ocean_menu_social_links_bg":"","ocean_menu_social_hover_links_bg":"","ocean_menu_social_links_color":"","ocean_menu_social_hover_links_color":"","ocean_disable_title":"default","ocean_disable_heading":"default","ocean_post_title":"","ocean_post_subheading":"","ocean_post_title_style":"","ocean_post_title_background_color":"","ocean_post_title_background":0,"ocean_post_title_bg_image_position":"","ocean_post_title_bg_image_attachment":"","ocean_post_title_bg_image_repeat":"","ocean_post_title_bg_image_size":"","ocean_post_title_height":0,"ocean_post_title_bg_overlay":0.5,"ocean_post_title_bg_overlay_color":"","ocean_disable_breadcrumbs":"default","ocean_breadcrumbs_color":"","ocean_breadcrumbs_separator_color":"","ocean_breadcrumbs_links_color":"","ocean_breadcrumbs_links_hover_color":"","ocean_display_footer_widgets":"default","ocean_display_footer_bottom":"default","ocean_custom_footer_template":"0","footnotes":""},"class_list":["post-166","page","type-page","status-publish","hentry","entry","owp-thumbs-layout-horizontal","owp-btn-normal","owp-tabs-layout-horizontal","has-no-thumbnails","has-product-nav"],"yoast_head":"<!-- This site is optimized with the Yoast SEO plugin v22.1 - https:\/\/yoast.com\/wordpress\/plugins\/seo\/ -->\n<title>Om F\u00f6retaget - Rason AB<\/title>\n<meta name=\"robots\" content=\"index, follow, max-snippet:-1, max-image-preview:large, max-video-preview:-1\" \/>\n<link rel=\"canonical\" href=\"https:\/\/rason.se\/en\/om-foretaget\/\" \/>\n<meta property=\"og:locale\" content=\"en_GB\" \/>\n<meta property=\"og:type\" content=\"article\" \/>\n<meta property=\"og:title\" content=\"Om F\u00f6retaget - Rason AB\" \/>\n<meta property=\"og:description\" content=\"Varmt v\u00e4lkomna till Rason AB RASON AB importerar ventiler och annan fl\u00f6desarmatur f\u00f6r i f\u00f6rsta hand processindustrin.V\u00e5r erfarenhet \u00e4r l\u00e5ng och gedigen i och med v\u00e5r bakgrund i det ursprungliga f\u00f6retaget Ingenj\u00f6rsfirmaRASON AB, som startades redan 1968. Till v\u00e5r hj\u00e4lp har vi ett hundratal leverant\u00f6rer som st\u00e5r tillv\u00e5rt f\u00f6rfogande, alla med sitt specialomr\u00e5de inom fl\u00f6de, [&hellip;]\" \/>\n<meta property=\"og:url\" content=\"https:\/\/rason.se\/en\/om-foretaget\/\" \/>\n<meta property=\"og:site_name\" content=\"Rason AB\" \/>\n<meta property=\"article:modified_time\" content=\"2021-03-25T12:51:56+00:00\" \/>\n<meta property=\"og:image\" content=\"https:\/\/rason.se\/wp-content\/uploads\/2021\/03\/rason.jpg\" \/>\n<meta name=\"twitter:card\" content=\"summary_large_image\" \/>\n<meta name=\"twitter:label1\" content=\"Estimated reading time\" \/>\n\t<meta name=\"twitter:data1\" content=\"2 minutes\" \/>\n<script type=\"application\/ld+json\" class=\"yoast-schema-graph\">{\"@context\":\"https:\/\/schema.org\",\"@graph\":[{\"@type\":\"WebPage\",\"@id\":\"https:\/\/rason.se\/om-foretaget\/\",\"url\":\"https:\/\/rason.se\/om-foretaget\/\",\"name\":\"Om F\u00f6retaget - Rason AB\",\"isPartOf\":{\"@id\":\"https:\/\/rason.se\/#website\"},\"datePublished\":\"2021-03-17T09:03:22+00:00\",\"dateModified\":\"2021-03-25T12:51:56+00:00\",\"breadcrumb\":{\"@id\":\"https:\/\/rason.se\/om-foretaget\/#breadcrumb\"},\"inLanguage\":\"en-GB\",\"potentialAction\":[{\"@type\":\"ReadAction\",\"target\":[\"https:\/\/rason.se\/om-foretaget\/\"]}]},{\"@type\":\"BreadcrumbList\",\"@id\":\"https:\/\/rason.se\/om-foretaget\/#breadcrumb\",\"itemListElement\":[{\"@type\":\"ListItem\",\"position\":1,\"name\":\"Hem\",\"item\":\"https:\/\/rason.se\/\"},{\"@type\":\"ListItem\",\"position\":2,\"name\":\"Om F\u00f6retaget\"}]},{\"@type\":\"WebSite\",\"@id\":\"https:\/\/rason.se\/#website\",\"url\":\"https:\/\/rason.se\/\",\"name\":\"Rason AB\",\"description\":\"RASON AB  ventiler och fl\u00f6desarmatur\",\"publisher\":{\"@id\":\"https:\/\/rason.se\/#organization\"},\"potentialAction\":[{\"@type\":\"SearchAction\",\"target\":{\"@type\":\"EntryPoint\",\"urlTemplate\":\"https:\/\/rason.se\/?s={search_term_string}\"},\"query-input\":\"required name=search_term_string\"}],\"inLanguage\":\"en-GB\"},{\"@type\":\"Organization\",\"@id\":\"https:\/\/rason.se\/#organization\",\"name\":\"Rason AB\",\"url\":\"https:\/\/rason.se\/\",\"logo\":{\"@type\":\"ImageObject\",\"inLanguage\":\"en-GB\",\"@id\":\"https:\/\/rason.se\/#\/schema\/logo\/image\/\",\"url\":\"https:\/\/rason.se\/wp-content\/uploads\/2021\/03\/Logo.jpg\",\"contentUrl\":\"https:\/\/rason.se\/wp-content\/uploads\/2021\/03\/Logo.jpg\",\"width\":209,\"height\":95,\"caption\":\"Rason AB\"},\"image\":{\"@id\":\"https:\/\/rason.se\/#\/schema\/logo\/image\/\"}}]}<\/script>\n<!-- \/ Yoast SEO plugin. -->","yoast_head_json":{"title":"Om F\u00f6retaget - Rason AB","robots":{"index":"index","follow":"follow","max-snippet":"max-snippet:-1","max-image-preview":"max-image-preview:large","max-video-preview":"max-video-preview:-1"},"canonical":"https:\/\/rason.se\/en\/om-foretaget\/","og_locale":"en_GB","og_type":"article","og_title":"Om F\u00f6retaget - Rason AB","og_description":"Varmt v\u00e4lkomna till Rason AB RASON AB importerar ventiler och annan fl\u00f6desarmatur f\u00f6r i f\u00f6rsta hand processindustrin.V\u00e5r erfarenhet \u00e4r l\u00e5ng och gedigen i och med v\u00e5r bakgrund i det ursprungliga f\u00f6retaget Ingenj\u00f6rsfirmaRASON AB, som startades redan 1968. Till v\u00e5r hj\u00e4lp har vi ett hundratal leverant\u00f6rer som st\u00e5r tillv\u00e5rt f\u00f6rfogande, alla med sitt specialomr\u00e5de inom fl\u00f6de, [&hellip;]","og_url":"https:\/\/rason.se\/en\/om-foretaget\/","og_site_name":"Rason AB","article_modified_time":"2021-03-25T12:51:56+00:00","og_image":[{"url":"https:\/\/rason.se\/wp-content\/uploads\/2021\/03\/rason.jpg"}],"twitter_card":"summary_large_image","twitter_misc":{"Estimated reading time":"2 minutes"},"schema":{"@context":"https:\/\/schema.org","@graph":[{"@type":"WebPage","@id":"https:\/\/rason.se\/om-foretaget\/","url":"https:\/\/rason.se\/om-foretaget\/","name":"Om F\u00f6retaget - Rason AB","isPartOf":{"@id":"https:\/\/rason.se\/#website"},"datePublished":"2021-03-17T09:03:22+00:00","dateModified":"2021-03-25T12:51:56+00:00","breadcrumb":{"@id":"https:\/\/rason.se\/om-foretaget\/#breadcrumb"},"inLanguage":"en-GB","potentialAction":[{"@type":"ReadAction","target":["https:\/\/rason.se\/om-foretaget\/"]}]},{"@type":"BreadcrumbList","@id":"https:\/\/rason.se\/om-foretaget\/#breadcrumb","itemListElement":[{"@type":"ListItem","position":1,"name":"Hem","item":"https:\/\/rason.se\/"},{"@type":"ListItem","position":2,"name":"Om F\u00f6retaget"}]},{"@type":"WebSite","@id":"https:\/\/rason.se\/#website","url":"https:\/\/rason.se\/","name":"Rason AB","description":"RASON AB  ventiler och fl\u00f6desarmatur","publisher":{"@id":"https:\/\/rason.se\/#organization"},"potentialAction":[{"@type":"SearchAction","target":{"@type":"EntryPoint","urlTemplate":"https:\/\/rason.se\/?s={search_term_string}"},"query-input":"required name=search_term_string"}],"inLanguage":"en-GB"},{"@type":"Organization","@id":"https:\/\/rason.se\/#organization","name":"Rason AB","url":"https:\/\/rason.se\/","logo":{"@type":"ImageObject","inLanguage":"en-GB","@id":"https:\/\/rason.se\/#\/schema\/logo\/image\/","url":"https:\/\/rason.se\/wp-content\/uploads\/2021\/03\/Logo.jpg","contentUrl":"https:\/\/rason.se\/wp-content\/uploads\/2021\/03\/Logo.jpg","width":209,"height":95,"caption":"Rason AB"},"image":{"@id":"https:\/\/rason.se\/#\/schema\/logo\/image\/"}}]}},"_links":{"self":[{"href":"https:\/\/rason.se\/en\/wp-json\/wp\/v2\/pages\/166","targetHints":{"allow":["GET"]}}],"collection":[{"href":"https:\/\/rason.se\/en\/wp-json\/wp\/v2\/pages"}],"about":[{"href":"https:\/\/rason.se\/en\/wp-json\/wp\/v2\/types\/page"}],"author":[{"embeddable":true,"href":"https:\/\/rason.se\/en\/wp-json\/wp\/v2\/users\/1"}],"replies":[{"embeddable":true,"href":"https:\/\/rason.se\/en\/wp-json\/wp\/v2\/comments?post=166"}],"version-history":[{"count":7,"href":"https:\/\/rason.se\/en\/wp-json\/wp\/v2\/pages\/166\/revisions"}],"predecessor-version":[{"id":213,"href":"https:\/\/rason.se\/en\/wp-json\/wp\/v2\/pages\/166\/revisions\/213"}],"wp:attachment":[{"href":"https:\/\/rason.se\/en\/wp-json\/wp\/v2\/media?parent=166"}],"curies":[{"name":"wp","href":"https:\/\/api.w.org\/{rel}","templated":true}]}}