{"id":18,"date":"2021-03-03T10:19:11","date_gmt":"2021-03-03T10:19:11","guid":{"rendered":"https:\/\/rason.se\/?page_id=18"},"modified":"2023-01-06T18:11:53","modified_gmt":"2023-01-06T18:11:53","slug":"start","status":"publish","type":"page","link":"https:\/\/rason.se\/en\/","title":{"rendered":"Start"},"content":{"rendered":"<div data-elementor-type=\"wp-page\" data-elementor-id=\"18\" class=\"elementor elementor-18\" data-elementor-post-type=\"page\">\n\t\t\t\t\t\t<section class=\"elementor-section elementor-top-section elementor-element elementor-element-364459a elementor-section-boxed elementor-section-height-default elementor-section-height-default\" data-id=\"364459a\" data-element_type=\"section\">\n\t\t\t\t\t\t<div class=\"elementor-container elementor-column-gap-default\">\n\t\t\t\t\t<div class=\"elementor-column elementor-col-100 elementor-top-column elementor-element elementor-element-a1db8b6\" data-id=\"a1db8b6\" data-element_type=\"column\">\n\t\t\t<div class=\"elementor-widget-wrap elementor-element-populated\">\n\t\t\t\t\t\t<div class=\"elementor-element elementor-element-078d0f2 elementor-widget elementor-widget-heading\" data-id=\"078d0f2\" data-element_type=\"widget\" data-widget_type=\"heading.default\">\n\t\t\t\t<div class=\"elementor-widget-container\">\n\t\t\t<h2 class=\"elementor-heading-title elementor-size-default\">Welcome to Rason AB<\/h2>\t\t<\/div>\n\t\t\t\t<\/div>\n\t\t\t\t\t<\/div>\n\t\t<\/div>\n\t\t\t\t\t<\/div>\n\t\t<\/section>\n\t\t\t\t<section class=\"elementor-section elementor-top-section elementor-element elementor-element-17ef88f elementor-section-boxed elementor-section-height-default elementor-section-height-default\" data-id=\"17ef88f\" data-element_type=\"section\">\n\t\t\t\t\t\t<div class=\"elementor-container elementor-column-gap-default\">\n\t\t\t\t\t<div class=\"elementor-column elementor-col-100 elementor-top-column elementor-element elementor-element-7c495c1\" data-id=\"7c495c1\" data-element_type=\"column\">\n\t\t\t<div class=\"elementor-widget-wrap elementor-element-populated\">\n\t\t\t\t\t\t<div class=\"elementor-element elementor-element-52d3ac7 elementor-widget elementor-widget-text-editor\" data-id=\"52d3ac7\" data-element_type=\"widget\" data-widget_type=\"text-editor.default\">\n\t\t\t\t<div class=\"elementor-widget-container\">\n\t\t\t\t\t\t\t<p class=\"style13\">Our specialities are<\/p><p class=\"style13\">\u2022 r\u00f6rarmatur<br \/>\u2022 pneumatiska och elektriska man\u00f6verdon<br \/>\u2022 fl\u00f6desm\u00e4tare<br \/>\u2022 fl\u00f6desvakter<br \/>\u2022 niv\u00e5\u00f6vervakning och v\u00e4tskest\u00e5ndsarmatur<\/p>\t\t\t\t\t\t<\/div>\n\t\t\t\t<\/div>\n\t\t\t\t\t<\/div>\n\t\t<\/div>\n\t\t\t\t\t<\/div>\n\t\t<\/section>\n\t\t\t\t<section class=\"elementor-section elementor-top-section elementor-element elementor-element-980d2ef elementor-section-boxed elementor-section-height-default elementor-section-height-default\" data-id=\"980d2ef\" data-element_type=\"section\">\n\t\t\t\t\t\t<div class=\"elementor-container elementor-column-gap-default\">\n\t\t\t\t\t<div class=\"elementor-column elementor-col-100 elementor-top-column elementor-element elementor-element-c17fe90\" data-id=\"c17fe90\" data-element_type=\"column\">\n\t\t\t<div class=\"elementor-widget-wrap elementor-element-populated\">\n\t\t\t\t\t\t<div class=\"elementor-element elementor-element-19e2abd elementor-widget elementor-widget-heading\" data-id=\"19e2abd\" data-element_type=\"widget\" data-widget_type=\"heading.default\">\n\t\t\t\t<div class=\"elementor-widget-container\">\n\t\t\t<h2 class=\"elementor-heading-title elementor-size-default\">V\u00e5ra Produkter<\/h2>\t\t<\/div>\n\t\t\t\t<\/div>\n\t\t\t\t<div class=\"elementor-element elementor-element-edb0e8c elementor-widget elementor-widget-text-editor\" data-id=\"edb0e8c\" data-element_type=\"widget\" data-widget_type=\"text-editor.default\">\n\t\t\t\t<div class=\"elementor-widget-container\">\n\t\t\t\t\t\t\t<p>Visa en produktkategori<\/p>\t\t\t\t\t\t<\/div>\n\t\t\t\t<\/div>\n\t\t\t\t\t<\/div>\n\t\t<\/div>\n\t\t\t\t\t<\/div>\n\t\t<\/section>\n\t\t\t\t<section class=\"elementor-section elementor-top-section elementor-element elementor-element-c3c17e9 elementor-section-boxed elementor-section-height-default elementor-section-height-default\" data-id=\"c3c17e9\" data-element_type=\"section\">\n\t\t\t\t\t\t<div class=\"elementor-container elementor-column-gap-default\">\n\t\t\t\t\t<div class=\"elementor-column elementor-col-100 elementor-top-column elementor-element elementor-element-3536825\" data-id=\"3536825\" data-element_type=\"column\">\n\t\t\t<div class=\"elementor-widget-wrap elementor-element-populated\">\n\t\t\t\t\t\t<div class=\"elementor-element elementor-element-6c00346 elementor-grid-5 elementor-grid-tablet-3 elementor-grid-mobile-2 elementor-products-grid elementor-wc-products elementor-widget elementor-widget-wc-categories\" data-id=\"6c00346\" data-element_type=\"widget\" data-widget_type=\"wc-categories.default\">\n\t\t\t\t<div class=\"elementor-widget-container\">\n\t\t\t<div class=\"woocommerce columns-5\">\r\n<ul class=\"products elementor-grid oceanwp-row clr grid\">\r\n<li class=\"product-category product first col span_1_of_5\">\n\t<a aria-label=\"Visit product category Ventiler\" href=\"https:\/\/rason.se\/en\/product-category\/ventiler\/\" data-no-translation-aria-label=\"\"><div class=\"product-inner clr\"><div class=\"woo-entry-image clr\"><a href=\"https:\/\/rason.se\/en\/product-category\/ventiler\/\"><img decoding=\"async\" src=\"https:\/\/rason.se\/wp-content\/uploads\/2021\/03\/kventil-1-150x150.jpg\" alt=\"Ventiler\" width=\"150\" height=\"150\" srcset=\"https:\/\/rason.se\/wp-content\/uploads\/2021\/03\/kventil-1.jpg 150w, https:\/\/rason.se\/wp-content\/uploads\/2021\/03\/kventil-1-100x100.jpg 100w\" sizes=\"(max-width: 150px) 100vw, 150px\" \/><\/a><\/div><div class=\"woo-entry-inner clr\"><a href=\"https:\/\/rason.se\/en\/product-category\/ventiler\/\">\t\t<h2 class=\"woocommerce-loop-category__title\">\n\t\t\tVentiler <mark class=\"count\">(12)<\/mark>\t\t<\/h2>\n\t\t<\/a><\/div><\/div><\/a><\/li>\n<li class=\"product-category product col span_1_of_5\">\n\t<a aria-label=\"Visit product category Synglas\" href=\"https:\/\/rason.se\/en\/product-category\/synglas\/\" data-no-translation-aria-label=\"\"><div class=\"product-inner clr\"><div class=\"woo-entry-image clr\"><a href=\"https:\/\/rason.se\/en\/product-category\/synglas\/\"><img decoding=\"async\" src=\"https:\/\/rason.se\/wp-content\/uploads\/2021\/03\/ksynglas-150x150.png\" alt=\"Synglas\" width=\"150\" height=\"150\" srcset=\"https:\/\/rason.se\/wp-content\/uploads\/2021\/03\/ksynglas.png 150w, https:\/\/rason.se\/wp-content\/uploads\/2021\/03\/ksynglas-100x100.png 100w\" sizes=\"(max-width: 150px) 100vw, 150px\" \/><\/a><\/div><div class=\"woo-entry-inner clr\"><a href=\"https:\/\/rason.se\/en\/product-category\/synglas\/\">\t\t<h2 class=\"woocommerce-loop-category__title\">\n\t\t\tSynglas <mark class=\"count\">(6)<\/mark>\t\t<\/h2>\n\t\t<\/a><\/div><\/div><\/a><\/li>\n<li class=\"product-category product col span_1_of_5\">\n\t<a aria-label=\"Visit product category Niv\u00e5\" href=\"https:\/\/rason.se\/en\/product-category\/niva\/\" data-no-translation-aria-label=\"\"><div class=\"product-inner clr\"><div class=\"woo-entry-image clr\"><a href=\"https:\/\/rason.se\/en\/product-category\/niva\/\"><img decoding=\"async\" src=\"https:\/\/rason.se\/wp-content\/uploads\/2021\/03\/kniva-150x150.png\" alt=\"Niv\u00e5\" width=\"150\" height=\"150\" srcset=\"https:\/\/rason.se\/wp-content\/uploads\/2021\/03\/kniva-150x150.png 150w, https:\/\/rason.se\/wp-content\/uploads\/2021\/03\/kniva-100x100.png 100w\" sizes=\"(max-width: 150px) 100vw, 150px\" \/><\/a><\/div><div class=\"woo-entry-inner clr\"><a href=\"https:\/\/rason.se\/en\/product-category\/niva\/\">\t\t<h2 class=\"woocommerce-loop-category__title\">\n\t\t\tNiv\u00e5 <mark class=\"count\">(5)<\/mark>\t\t<\/h2>\n\t\t<\/a><\/div><\/div><\/a><\/li>\n<li class=\"product-category product col span_1_of_5\">\n\t<a aria-label=\"Visit product category Man\u00f6verdon\" href=\"https:\/\/rason.se\/en\/product-category\/manoverdon\/\" data-no-translation-aria-label=\"\"><div class=\"product-inner clr\"><div class=\"woo-entry-image clr\"><a href=\"https:\/\/rason.se\/en\/product-category\/manoverdon\/\"><img loading=\"lazy\" decoding=\"async\" src=\"https:\/\/rason.se\/wp-content\/uploads\/2021\/03\/pneumatiska-150x150.jpg\" alt=\"Man\u00f6verdon\" width=\"150\" height=\"150\" srcset=\"https:\/\/rason.se\/wp-content\/uploads\/2021\/03\/pneumatiska-150x150.jpg 150w, https:\/\/rason.se\/wp-content\/uploads\/2021\/03\/pneumatiska-100x100.jpg 100w\" sizes=\"(max-width: 150px) 100vw, 150px\" \/><\/a><\/div><div class=\"woo-entry-inner clr\"><a href=\"https:\/\/rason.se\/en\/product-category\/manoverdon\/\">\t\t<h2 class=\"woocommerce-loop-category__title\">\n\t\t\tMan\u00f6verdon <mark class=\"count\">(4)<\/mark>\t\t<\/h2>\n\t\t<\/a><\/div><\/div><\/a><\/li>\n<li class=\"product-category product last col span_1_of_5\">\n\t<a aria-label=\"Visit product category Fl\u00f6de\" href=\"https:\/\/rason.se\/en\/product-category\/flode\/\" data-no-translation-aria-label=\"\"><div class=\"product-inner clr\"><div class=\"woo-entry-image clr\"><a href=\"https:\/\/rason.se\/en\/product-category\/flode\/\"><img loading=\"lazy\" decoding=\"async\" src=\"https:\/\/rason.se\/wp-content\/uploads\/2021\/03\/kflode-150x150.png\" alt=\"Fl\u00f6de\" width=\"150\" height=\"150\" srcset=\"https:\/\/rason.se\/wp-content\/uploads\/2021\/03\/kflode-150x150.png 150w, https:\/\/rason.se\/wp-content\/uploads\/2021\/03\/kflode-100x100.png 100w\" sizes=\"(max-width: 150px) 100vw, 150px\" \/><\/a><\/div><div class=\"woo-entry-inner clr\"><a href=\"https:\/\/rason.se\/en\/product-category\/flode\/\">\t\t<h2 class=\"woocommerce-loop-category__title\">\n\t\t\tFl\u00f6de <mark class=\"count\">(11)<\/mark>\t\t<\/h2>\n\t\t<\/a><\/div><\/div><\/a><\/li>\n<\/ul>\n<\/div>\t\t<\/div>\n\t\t\t\t<\/div>\n\t\t\t\t\t<\/div>\n\t\t<\/div>\n\t\t\t\t\t<\/div>\n\t\t<\/section>\n\t\t\t\t<\/div>","protected":false},"excerpt":{"rendered":"<p>Varmt v\u00e4lkomna till Rason AB! V\u00e5r speciallitet \u00e4r: \u2022 r\u00f6rarmatur\u2022 pneumatiska och elektriska man\u00f6verdon\u2022 fl\u00f6desm\u00e4tare\u2022 fl\u00f6desvakter\u2022 niv\u00e5\u00f6vervakning och v\u00e4tskest\u00e5ndsarmatur V\u00e5ra Produkter Visa en produktkategori<\/p>","protected":false},"author":1,"featured_media":0,"parent":0,"menu_order":0,"comment_status":"closed","ping_status":"closed","template":"","meta":{"ocean_post_layout":"","ocean_both_sidebars_style":"","ocean_both_sidebars_content_width":0,"ocean_both_sidebars_sidebars_width":0,"ocean_sidebar":"0","ocean_second_sidebar":"0","ocean_disable_margins":"enable","ocean_add_body_class":"","ocean_shortcode_before_top_bar":"","ocean_shortcode_after_top_bar":"","ocean_shortcode_before_header":"","ocean_shortcode_after_header":"","ocean_has_shortcode":"","ocean_shortcode_after_title":"","ocean_shortcode_before_footer_widgets":"","ocean_shortcode_after_footer_widgets":"","ocean_shortcode_before_footer_bottom":"","ocean_shortcode_after_footer_bottom":"","ocean_display_top_bar":"default","ocean_display_header":"default","ocean_header_style":"","ocean_center_header_left_menu":"0","ocean_custom_header_template":"0","ocean_custom_logo":0,"ocean_custom_retina_logo":0,"ocean_custom_logo_max_width":0,"ocean_custom_logo_tablet_max_width":0,"ocean_custom_logo_mobile_max_width":0,"ocean_custom_logo_max_height":0,"ocean_custom_logo_tablet_max_height":0,"ocean_custom_logo_mobile_max_height":0,"ocean_header_custom_menu":"0","ocean_menu_typo_font_family":"0","ocean_menu_typo_font_subset":"","ocean_menu_typo_font_size":0,"ocean_menu_typo_font_size_tablet":0,"ocean_menu_typo_font_size_mobile":0,"ocean_menu_typo_font_size_unit":"px","ocean_menu_typo_font_weight":"","ocean_menu_typo_font_weight_tablet":"","ocean_menu_typo_font_weight_mobile":"","ocean_menu_typo_transform":"","ocean_menu_typo_transform_tablet":"","ocean_menu_typo_transform_mobile":"","ocean_menu_typo_line_height":0,"ocean_menu_typo_line_height_tablet":0,"ocean_menu_typo_line_height_mobile":0,"ocean_menu_typo_line_height_unit":"","ocean_menu_typo_spacing":0,"ocean_menu_typo_spacing_tablet":0,"ocean_menu_typo_spacing_mobile":0,"ocean_menu_typo_spacing_unit":"","ocean_menu_link_color":"","ocean_menu_link_color_hover":"","ocean_menu_link_color_active":"","ocean_menu_link_background":"","ocean_menu_link_hover_background":"","ocean_menu_link_active_background":"","ocean_menu_social_links_bg":"","ocean_menu_social_hover_links_bg":"","ocean_menu_social_links_color":"","ocean_menu_social_hover_links_color":"","ocean_disable_title":"default","ocean_disable_heading":"default","ocean_post_title":"","ocean_post_subheading":"","ocean_post_title_style":"","ocean_post_title_background_color":"","ocean_post_title_background":0,"ocean_post_title_bg_image_position":"","ocean_post_title_bg_image_attachment":"","ocean_post_title_bg_image_repeat":"","ocean_post_title_bg_image_size":"","ocean_post_title_height":0,"ocean_post_title_bg_overlay":0.5,"ocean_post_title_bg_overlay_color":"","ocean_disable_breadcrumbs":"default","ocean_breadcrumbs_color":"","ocean_breadcrumbs_separator_color":"","ocean_breadcrumbs_links_color":"","ocean_breadcrumbs_links_hover_color":"","ocean_display_footer_widgets":"default","ocean_display_footer_bottom":"default","ocean_custom_footer_template":"0","footnotes":""},"class_list":["post-18","page","type-page","status-publish","hentry","entry","owp-thumbs-layout-horizontal","owp-btn-normal","owp-tabs-layout-horizontal","has-no-thumbnails","has-product-nav"],"yoast_head":"<!-- This site is optimized with the Yoast SEO plugin v22.1 - https:\/\/yoast.com\/wordpress\/plugins\/seo\/ -->\n<title>Start - Rason AB<\/title>\n<meta name=\"robots\" content=\"index, follow, max-snippet:-1, max-image-preview:large, max-video-preview:-1\" \/>\n<link rel=\"canonical\" href=\"https:\/\/rason.se\/en\/\" \/>\n<meta property=\"og:locale\" content=\"en_GB\" \/>\n<meta property=\"og:type\" content=\"article\" \/>\n<meta property=\"og:title\" content=\"Start - Rason AB\" \/>\n<meta property=\"og:description\" content=\"Varmt v\u00e4lkomna till Rason AB! V\u00e5r speciallitet \u00e4r: \u2022 r\u00f6rarmatur\u2022 pneumatiska och elektriska man\u00f6verdon\u2022 fl\u00f6desm\u00e4tare\u2022 fl\u00f6desvakter\u2022 niv\u00e5\u00f6vervakning och v\u00e4tskest\u00e5ndsarmatur V\u00e5ra Produkter Visa en produktkategori\" \/>\n<meta property=\"og:url\" content=\"https:\/\/rason.se\/en\/\" \/>\n<meta property=\"og:site_name\" content=\"Rason AB\" \/>\n<meta property=\"article:modified_time\" content=\"2023-01-06T18:11:53+00:00\" \/>\n<meta name=\"twitter:card\" content=\"summary_large_image\" \/>\n<meta name=\"twitter:label1\" content=\"Estimated reading time\" \/>\n\t<meta name=\"twitter:data1\" content=\"2 minutes\" \/>\n<script type=\"application\/ld+json\" class=\"yoast-schema-graph\">{\"@context\":\"https:\/\/schema.org\",\"@graph\":[{\"@type\":\"WebPage\",\"@id\":\"https:\/\/rason.se\/\",\"url\":\"https:\/\/rason.se\/\",\"name\":\"Start - Rason AB\",\"isPartOf\":{\"@id\":\"https:\/\/rason.se\/#website\"},\"datePublished\":\"2021-03-03T10:19:11+00:00\",\"dateModified\":\"2023-01-06T18:11:53+00:00\",\"breadcrumb\":{\"@id\":\"https:\/\/rason.se\/#breadcrumb\"},\"inLanguage\":\"en-GB\",\"potentialAction\":[{\"@type\":\"ReadAction\",\"target\":[\"https:\/\/rason.se\/\"]}]},{\"@type\":\"BreadcrumbList\",\"@id\":\"https:\/\/rason.se\/#breadcrumb\",\"itemListElement\":[{\"@type\":\"ListItem\",\"position\":1,\"name\":\"Hem\",\"item\":\"https:\/\/rason.se\/\"},{\"@type\":\"ListItem\",\"position\":2,\"name\":\"Start\"}]},{\"@type\":\"WebSite\",\"@id\":\"https:\/\/rason.se\/#website\",\"url\":\"https:\/\/rason.se\/\",\"name\":\"Rason AB\",\"description\":\"RASON AB  ventiler och fl\u00f6desarmatur\",\"publisher\":{\"@id\":\"https:\/\/rason.se\/#organization\"},\"potentialAction\":[{\"@type\":\"SearchAction\",\"target\":{\"@type\":\"EntryPoint\",\"urlTemplate\":\"https:\/\/rason.se\/?s={search_term_string}\"},\"query-input\":\"required name=search_term_string\"}],\"inLanguage\":\"en-GB\"},{\"@type\":\"Organization\",\"@id\":\"https:\/\/rason.se\/#organization\",\"name\":\"Rason AB\",\"url\":\"https:\/\/rason.se\/\",\"logo\":{\"@type\":\"ImageObject\",\"inLanguage\":\"en-GB\",\"@id\":\"https:\/\/rason.se\/#\/schema\/logo\/image\/\",\"url\":\"https:\/\/rason.se\/wp-content\/uploads\/2021\/03\/Logo.jpg\",\"contentUrl\":\"https:\/\/rason.se\/wp-content\/uploads\/2021\/03\/Logo.jpg\",\"width\":209,\"height\":95,\"caption\":\"Rason AB\"},\"image\":{\"@id\":\"https:\/\/rason.se\/#\/schema\/logo\/image\/\"}}]}<\/script>\n<!-- \/ Yoast SEO plugin. -->","yoast_head_json":{"title":"Start - Rason AB","robots":{"index":"index","follow":"follow","max-snippet":"max-snippet:-1","max-image-preview":"max-image-preview:large","max-video-preview":"max-video-preview:-1"},"canonical":"https:\/\/rason.se\/en\/","og_locale":"en_GB","og_type":"article","og_title":"Start - Rason AB","og_description":"Varmt v\u00e4lkomna till Rason AB! V\u00e5r speciallitet \u00e4r: \u2022 r\u00f6rarmatur\u2022 pneumatiska och elektriska man\u00f6verdon\u2022 fl\u00f6desm\u00e4tare\u2022 fl\u00f6desvakter\u2022 niv\u00e5\u00f6vervakning och v\u00e4tskest\u00e5ndsarmatur V\u00e5ra Produkter Visa en produktkategori","og_url":"https:\/\/rason.se\/en\/","og_site_name":"Rason AB","article_modified_time":"2023-01-06T18:11:53+00:00","twitter_card":"summary_large_image","twitter_misc":{"Estimated reading time":"2 minutes"},"schema":{"@context":"https:\/\/schema.org","@graph":[{"@type":"WebPage","@id":"https:\/\/rason.se\/","url":"https:\/\/rason.se\/","name":"Start - Rason AB","isPartOf":{"@id":"https:\/\/rason.se\/#website"},"datePublished":"2021-03-03T10:19:11+00:00","dateModified":"2023-01-06T18:11:53+00:00","breadcrumb":{"@id":"https:\/\/rason.se\/#breadcrumb"},"inLanguage":"en-GB","potentialAction":[{"@type":"ReadAction","target":["https:\/\/rason.se\/"]}]},{"@type":"BreadcrumbList","@id":"https:\/\/rason.se\/#breadcrumb","itemListElement":[{"@type":"ListItem","position":1,"name":"Hem","item":"https:\/\/rason.se\/"},{"@type":"ListItem","position":2,"name":"Start"}]},{"@type":"WebSite","@id":"https:\/\/rason.se\/#website","url":"https:\/\/rason.se\/","name":"Rason AB","description":"RASON AB  ventiler och fl\u00f6desarmatur","publisher":{"@id":"https:\/\/rason.se\/#organization"},"potentialAction":[{"@type":"SearchAction","target":{"@type":"EntryPoint","urlTemplate":"https:\/\/rason.se\/?s={search_term_string}"},"query-input":"required name=search_term_string"}],"inLanguage":"en-GB"},{"@type":"Organization","@id":"https:\/\/rason.se\/#organization","name":"Rason AB","url":"https:\/\/rason.se\/","logo":{"@type":"ImageObject","inLanguage":"en-GB","@id":"https:\/\/rason.se\/#\/schema\/logo\/image\/","url":"https:\/\/rason.se\/wp-content\/uploads\/2021\/03\/Logo.jpg","contentUrl":"https:\/\/rason.se\/wp-content\/uploads\/2021\/03\/Logo.jpg","width":209,"height":95,"caption":"Rason AB"},"image":{"@id":"https:\/\/rason.se\/#\/schema\/logo\/image\/"}}]}},"_links":{"self":[{"href":"https:\/\/rason.se\/en\/wp-json\/wp\/v2\/pages\/18","targetHints":{"allow":["GET"]}}],"collection":[{"href":"https:\/\/rason.se\/en\/wp-json\/wp\/v2\/pages"}],"about":[{"href":"https:\/\/rason.se\/en\/wp-json\/wp\/v2\/types\/page"}],"author":[{"embeddable":true,"href":"https:\/\/rason.se\/en\/wp-json\/wp\/v2\/users\/1"}],"replies":[{"embeddable":true,"href":"https:\/\/rason.se\/en\/wp-json\/wp\/v2\/comments?post=18"}],"version-history":[{"count":48,"href":"https:\/\/rason.se\/en\/wp-json\/wp\/v2\/pages\/18\/revisions"}],"predecessor-version":[{"id":229,"href":"https:\/\/rason.se\/en\/wp-json\/wp\/v2\/pages\/18\/revisions\/229"}],"wp:attachment":[{"href":"https:\/\/rason.se\/en\/wp-json\/wp\/v2\/media?parent=18"}],"curies":[{"name":"wp","href":"https:\/\/api.w.org\/{rel}","templated":true}]}}