{"id":110,"date":"2021-03-17T07:42:34","date_gmt":"2021-03-17T07:42:34","guid":{"rendered":"https:\/\/rason.se\/?post_type=product&#038;p=110"},"modified":"2023-01-08T12:14:44","modified_gmt":"2023-01-08T12:14:44","slug":"svavkroppsmatare-3","status":"publish","type":"product","link":"https:\/\/rason.se\/en\/product\/svavkroppsmatare-3\/","title":{"rendered":"Sv\u00e4vkroppsm\u00e4tare"},"content":{"rendered":"<p class=\"style16\">Sv\u00e4vkroppsm\u00e4tare av glas\u00a0f\u00f6r v\u00e4tskor och gaser.<\/p>\n<p class=\"style16\"><a href=\"https:\/\/tecfluid.com\/wp-content\/uploads\/2022\/10\/Series_2000_Glass_tube_Variable_area_flowmeter_rev3_Technical_catalogue.pdf\" target=\"_blank\" rel=\"noopener\">Datablad<\/a><\/p>","protected":false},"excerpt":{"rendered":"<p>Fl\u00f6desm\u00e4tare av sv\u00e4vkroppstyp f\u00f6r m\u00e4tning av momentant fl\u00f6de av v\u00e4tska eller gas.<\/p>","protected":false},"featured_media":111,"template":"","meta":{"ocean_post_layout":"full-width","ocean_both_sidebars_style":"","ocean_both_sidebars_content_width":0,"ocean_both_sidebars_sidebars_width":0,"ocean_sidebar":"0","ocean_second_sidebar":"0","ocean_disable_margins":"enable","ocean_add_body_class":"","ocean_shortcode_before_top_bar":"","ocean_shortcode_after_top_bar":"","ocean_shortcode_before_header":"","ocean_shortcode_after_header":"","ocean_has_shortcode":"","ocean_shortcode_after_title":"","ocean_shortcode_before_footer_widgets":"","ocean_shortcode_after_footer_widgets":"","ocean_shortcode_before_footer_bottom":"","ocean_shortcode_after_footer_bottom":"","ocean_display_top_bar":"default","ocean_display_header":"default","ocean_header_style":"","ocean_center_header_left_menu":"0","ocean_custom_header_template":"0","ocean_custom_logo":0,"ocean_custom_retina_logo":0,"ocean_custom_logo_max_width":0,"ocean_custom_logo_tablet_max_width":0,"ocean_custom_logo_mobile_max_width":0,"ocean_custom_logo_max_height":0,"ocean_custom_logo_tablet_max_height":0,"ocean_custom_logo_mobile_max_height":0,"ocean_header_custom_menu":"0","ocean_menu_typo_font_family":"0","ocean_menu_typo_font_subset":"","ocean_menu_typo_font_size":0,"ocean_menu_typo_font_size_tablet":0,"ocean_menu_typo_font_size_mobile":0,"ocean_menu_typo_font_size_unit":"px","ocean_menu_typo_font_weight":"","ocean_menu_typo_font_weight_tablet":"","ocean_menu_typo_font_weight_mobile":"","ocean_menu_typo_transform":"","ocean_menu_typo_transform_tablet":"","ocean_menu_typo_transform_mobile":"","ocean_menu_typo_line_height":0,"ocean_menu_typo_line_height_tablet":0,"ocean_menu_typo_line_height_mobile":0,"ocean_menu_typo_line_height_unit":"","ocean_menu_typo_spacing":0,"ocean_menu_typo_spacing_tablet":0,"ocean_menu_typo_spacing_mobile":0,"ocean_menu_typo_spacing_unit":"","ocean_menu_link_color":"","ocean_menu_link_color_hover":"","ocean_menu_link_color_active":"","ocean_menu_link_background":"","ocean_menu_link_hover_background":"","ocean_menu_link_active_background":"","ocean_menu_social_links_bg":"","ocean_menu_social_hover_links_bg":"","ocean_menu_social_links_color":"","ocean_menu_social_hover_links_color":"","ocean_disable_title":"default","ocean_disable_heading":"default","ocean_post_title":"","ocean_post_subheading":"","ocean_post_title_style":"","ocean_post_title_background_color":"","ocean_post_title_background":0,"ocean_post_title_bg_image_position":"","ocean_post_title_bg_image_attachment":"","ocean_post_title_bg_image_repeat":"","ocean_post_title_bg_image_size":"","ocean_post_title_height":0,"ocean_post_title_bg_overlay":0.5,"ocean_post_title_bg_overlay_color":"","ocean_disable_breadcrumbs":"default","ocean_breadcrumbs_color":"","ocean_breadcrumbs_separator_color":"","ocean_breadcrumbs_links_color":"","ocean_breadcrumbs_links_hover_color":"","ocean_display_footer_widgets":"default","ocean_display_footer_bottom":"default","ocean_custom_footer_template":"0"},"product_cat":[19],"product_tag":[],"class_list":{"0":"post-110","1":"product","2":"type-product","3":"status-publish","4":"has-post-thumbnail","6":"product_cat-flode","8":"entry","9":"has-media","11":"first","12":"instock","13":"shipping-taxable","14":"product-type-simple","15":"has-product-nav","16":"col","17":"span_1_of_5","18":"owp-content-center","19":"owp-thumbs-layout-horizontal","20":"owp-btn-normal","21":"owp-tabs-layout-horizontal","22":"has-no-thumbnails"},"yoast_head":"<!-- This site is optimized with the Yoast SEO plugin v22.1 - https:\/\/yoast.com\/wordpress\/plugins\/seo\/ -->\n<title>Sv\u00e4vkroppsm\u00e4tare - Rason AB<\/title>\n<meta name=\"description\" content=\"Sv\u00e4vkroppsm\u00e4tare \u00e4r en fl\u00f6desm\u00e4tare d\u00e4r man l\u00e4ser av fl\u00f6det p\u00e5 sv\u00e4vkroppens \u00f6verkant mot en p\u00e5 glasr\u00f6ret graderad skala. L\u00e4mplig f\u00f6r b\u00e5de v\u00e4tska och gaser. N\u00e5lventil f\u00f6r reglering av fl\u00f6de kan v\u00e4ljas till.\" \/>\n<meta name=\"robots\" content=\"index, follow, max-snippet:-1, max-image-preview:large, max-video-preview:-1\" \/>\n<link rel=\"canonical\" href=\"https:\/\/rason.se\/en\/product\/svavkroppsmatare-3\/\" \/>\n<meta property=\"og:locale\" content=\"en_GB\" \/>\n<meta property=\"og:type\" content=\"article\" \/>\n<meta property=\"og:title\" content=\"Sv\u00e4vkroppsm\u00e4tare - Rason AB\" \/>\n<meta property=\"og:description\" content=\"Sv\u00e4vkroppsm\u00e4tare \u00e4r en fl\u00f6desm\u00e4tare d\u00e4r man l\u00e4ser av fl\u00f6det p\u00e5 sv\u00e4vkroppens \u00f6verkant mot en p\u00e5 glasr\u00f6ret graderad skala. L\u00e4mplig f\u00f6r b\u00e5de v\u00e4tska och gaser. N\u00e5lventil f\u00f6r reglering av fl\u00f6de kan v\u00e4ljas till.\" \/>\n<meta property=\"og:url\" content=\"https:\/\/rason.se\/en\/product\/svavkroppsmatare-3\/\" \/>\n<meta property=\"og:site_name\" content=\"Rason AB\" \/>\n<meta property=\"article:modified_time\" content=\"2023-01-08T12:14:44+00:00\" \/>\n<meta property=\"og:image\" content=\"https:\/\/rason.se\/wp-content\/uploads\/2021\/03\/svavkroppsmatareglas.jpg\" \/>\n\t<meta property=\"og:image:width\" content=\"96\" \/>\n\t<meta property=\"og:image:height\" content=\"160\" \/>\n\t<meta property=\"og:image:type\" content=\"image\/jpeg\" \/>\n<meta name=\"twitter:card\" content=\"summary_large_image\" \/>\n<meta name=\"twitter:label1\" content=\"Estimated reading time\" \/>\n\t<meta name=\"twitter:data1\" content=\"1 minute\" \/>\n<script type=\"application\/ld+json\" class=\"yoast-schema-graph\">{\"@context\":\"https:\/\/schema.org\",\"@graph\":[{\"@type\":\"WebPage\",\"@id\":\"https:\/\/rason.se\/produkt\/svavkroppsmatare-3\/\",\"url\":\"https:\/\/rason.se\/produkt\/svavkroppsmatare-3\/\",\"name\":\"Sv\u00e4vkroppsm\u00e4tare - Rason AB\",\"isPartOf\":{\"@id\":\"https:\/\/rason.se\/#website\"},\"datePublished\":\"2021-03-17T07:42:34+00:00\",\"dateModified\":\"2023-01-08T12:14:44+00:00\",\"description\":\"Sv\u00e4vkroppsm\u00e4tare \u00e4r en fl\u00f6desm\u00e4tare d\u00e4r man l\u00e4ser av fl\u00f6det p\u00e5 sv\u00e4vkroppens \u00f6verkant mot en p\u00e5 glasr\u00f6ret graderad skala. L\u00e4mplig f\u00f6r b\u00e5de v\u00e4tska och gaser. N\u00e5lventil f\u00f6r reglering av fl\u00f6de kan v\u00e4ljas till.\",\"breadcrumb\":{\"@id\":\"https:\/\/rason.se\/produkt\/svavkroppsmatare-3\/#breadcrumb\"},\"inLanguage\":\"en-GB\",\"potentialAction\":[{\"@type\":\"ReadAction\",\"target\":[\"https:\/\/rason.se\/produkt\/svavkroppsmatare-3\/\"]}]},{\"@type\":\"BreadcrumbList\",\"@id\":\"https:\/\/rason.se\/produkt\/svavkroppsmatare-3\/#breadcrumb\",\"itemListElement\":[{\"@type\":\"ListItem\",\"position\":1,\"name\":\"Hem\",\"item\":\"https:\/\/rason.se\/\"},{\"@type\":\"ListItem\",\"position\":2,\"name\":\"Webbutik\",\"item\":\"https:\/\/rason.se\/butik\/\"},{\"@type\":\"ListItem\",\"position\":3,\"name\":\"Sv\u00e4vkroppsm\u00e4tare\"}]},{\"@type\":\"WebSite\",\"@id\":\"https:\/\/rason.se\/#website\",\"url\":\"https:\/\/rason.se\/\",\"name\":\"Rason AB\",\"description\":\"RASON AB  ventiler och fl\u00f6desarmatur\",\"publisher\":{\"@id\":\"https:\/\/rason.se\/#organization\"},\"potentialAction\":[{\"@type\":\"SearchAction\",\"target\":{\"@type\":\"EntryPoint\",\"urlTemplate\":\"https:\/\/rason.se\/?s={search_term_string}\"},\"query-input\":\"required name=search_term_string\"}],\"inLanguage\":\"en-GB\"},{\"@type\":\"Organization\",\"@id\":\"https:\/\/rason.se\/#organization\",\"name\":\"Rason AB\",\"url\":\"https:\/\/rason.se\/\",\"logo\":{\"@type\":\"ImageObject\",\"inLanguage\":\"en-GB\",\"@id\":\"https:\/\/rason.se\/#\/schema\/logo\/image\/\",\"url\":\"https:\/\/rason.se\/wp-content\/uploads\/2021\/03\/Logo.jpg\",\"contentUrl\":\"https:\/\/rason.se\/wp-content\/uploads\/2021\/03\/Logo.jpg\",\"width\":209,\"height\":95,\"caption\":\"Rason AB\"},\"image\":{\"@id\":\"https:\/\/rason.se\/#\/schema\/logo\/image\/\"}}]}<\/script>\n<!-- \/ Yoast SEO plugin. -->","yoast_head_json":{"title":"Sv\u00e4vkroppsm\u00e4tare - Rason AB","description":"Sv\u00e4vkroppsm\u00e4tare \u00e4r en fl\u00f6desm\u00e4tare d\u00e4r man l\u00e4ser av fl\u00f6det p\u00e5 sv\u00e4vkroppens \u00f6verkant mot en p\u00e5 glasr\u00f6ret graderad skala. L\u00e4mplig f\u00f6r b\u00e5de v\u00e4tska och gaser. N\u00e5lventil f\u00f6r reglering av fl\u00f6de kan v\u00e4ljas till.","robots":{"index":"index","follow":"follow","max-snippet":"max-snippet:-1","max-image-preview":"max-image-preview:large","max-video-preview":"max-video-preview:-1"},"canonical":"https:\/\/rason.se\/en\/product\/svavkroppsmatare-3\/","og_locale":"en_GB","og_type":"article","og_title":"Sv\u00e4vkroppsm\u00e4tare - Rason AB","og_description":"Sv\u00e4vkroppsm\u00e4tare \u00e4r en fl\u00f6desm\u00e4tare d\u00e4r man l\u00e4ser av fl\u00f6det p\u00e5 sv\u00e4vkroppens \u00f6verkant mot en p\u00e5 glasr\u00f6ret graderad skala. L\u00e4mplig f\u00f6r b\u00e5de v\u00e4tska och gaser. N\u00e5lventil f\u00f6r reglering av fl\u00f6de kan v\u00e4ljas till.","og_url":"https:\/\/rason.se\/en\/product\/svavkroppsmatare-3\/","og_site_name":"Rason AB","article_modified_time":"2023-01-08T12:14:44+00:00","og_image":[{"width":96,"height":160,"url":"https:\/\/rason.se\/wp-content\/uploads\/2021\/03\/svavkroppsmatareglas.jpg","type":"image\/jpeg"}],"twitter_card":"summary_large_image","twitter_misc":{"Estimated reading time":"1 minute"},"schema":{"@context":"https:\/\/schema.org","@graph":[{"@type":"WebPage","@id":"https:\/\/rason.se\/produkt\/svavkroppsmatare-3\/","url":"https:\/\/rason.se\/produkt\/svavkroppsmatare-3\/","name":"Sv\u00e4vkroppsm\u00e4tare - Rason AB","isPartOf":{"@id":"https:\/\/rason.se\/#website"},"datePublished":"2021-03-17T07:42:34+00:00","dateModified":"2023-01-08T12:14:44+00:00","description":"Sv\u00e4vkroppsm\u00e4tare \u00e4r en fl\u00f6desm\u00e4tare d\u00e4r man l\u00e4ser av fl\u00f6det p\u00e5 sv\u00e4vkroppens \u00f6verkant mot en p\u00e5 glasr\u00f6ret graderad skala. L\u00e4mplig f\u00f6r b\u00e5de v\u00e4tska och gaser. N\u00e5lventil f\u00f6r reglering av fl\u00f6de kan v\u00e4ljas till.","breadcrumb":{"@id":"https:\/\/rason.se\/produkt\/svavkroppsmatare-3\/#breadcrumb"},"inLanguage":"en-GB","potentialAction":[{"@type":"ReadAction","target":["https:\/\/rason.se\/produkt\/svavkroppsmatare-3\/"]}]},{"@type":"BreadcrumbList","@id":"https:\/\/rason.se\/produkt\/svavkroppsmatare-3\/#breadcrumb","itemListElement":[{"@type":"ListItem","position":1,"name":"Hem","item":"https:\/\/rason.se\/"},{"@type":"ListItem","position":2,"name":"Webbutik","item":"https:\/\/rason.se\/butik\/"},{"@type":"ListItem","position":3,"name":"Sv\u00e4vkroppsm\u00e4tare"}]},{"@type":"WebSite","@id":"https:\/\/rason.se\/#website","url":"https:\/\/rason.se\/","name":"Rason AB","description":"RASON AB  ventiler och fl\u00f6desarmatur","publisher":{"@id":"https:\/\/rason.se\/#organization"},"potentialAction":[{"@type":"SearchAction","target":{"@type":"EntryPoint","urlTemplate":"https:\/\/rason.se\/?s={search_term_string}"},"query-input":"required name=search_term_string"}],"inLanguage":"en-GB"},{"@type":"Organization","@id":"https:\/\/rason.se\/#organization","name":"Rason AB","url":"https:\/\/rason.se\/","logo":{"@type":"ImageObject","inLanguage":"en-GB","@id":"https:\/\/rason.se\/#\/schema\/logo\/image\/","url":"https:\/\/rason.se\/wp-content\/uploads\/2021\/03\/Logo.jpg","contentUrl":"https:\/\/rason.se\/wp-content\/uploads\/2021\/03\/Logo.jpg","width":209,"height":95,"caption":"Rason AB"},"image":{"@id":"https:\/\/rason.se\/#\/schema\/logo\/image\/"}}]}},"_links":{"self":[{"href":"https:\/\/rason.se\/en\/wp-json\/wp\/v2\/product\/110","targetHints":{"allow":["GET"]}}],"collection":[{"href":"https:\/\/rason.se\/en\/wp-json\/wp\/v2\/product"}],"about":[{"href":"https:\/\/rason.se\/en\/wp-json\/wp\/v2\/types\/product"}],"wp:featuredmedia":[{"embeddable":true,"href":"https:\/\/rason.se\/en\/wp-json\/wp\/v2\/media\/111"}],"wp:attachment":[{"href":"https:\/\/rason.se\/en\/wp-json\/wp\/v2\/media?parent=110"}],"wp:term":[{"taxonomy":"product_cat","embeddable":true,"href":"https:\/\/rason.se\/en\/wp-json\/wp\/v2\/product_cat?post=110"},{"taxonomy":"product_tag","embeddable":true,"href":"https:\/\/rason.se\/en\/wp-json\/wp\/v2\/product_tag?post=110"}],"curies":[{"name":"wp","href":"https:\/\/api.w.org\/{rel}","templated":true}]}}